{"id":578,"date":"2025-03-10T17:37:14","date_gmt":"2025-03-10T17:37:14","guid":{"rendered":"https:\/\/ser-en-ti.com\/?post_type=product&#038;p=578"},"modified":"2025-03-12T16:03:48","modified_gmt":"2025-03-12T16:03:48","slug":"unternehmensgruendung-fuer-auslaendische-studierende-meine-talente-und-faehigkeiten-entdeckenziel-eigene-staerken-erkennen-eine-geschaeftsidee-entwickeln-und-erste-schritte-zur","status":"publish","type":"product","link":"https:\/\/ser-en-ti.com\/es\/product\/unternehmensgruendung-fuer-auslaendische-studierende-meine-talente-und-faehigkeiten-entdeckenziel-eigene-staerken-erkennen-eine-geschaeftsidee-entwickeln-und-erste-schritte-zur\/","title":{"rendered":"Seminarleitung: Unternehmensgr\u00fcndung f\u00fcr ausl\u00e4ndische Studierende &#8211; \u201eMeine Talente und F\u00e4higkeiten entdecken\u201c(Ziel: Eigene St\u00e4rken erkennen, eine Gesch\u00e4ftsidee entwickeln und erste Schritte zur Gr\u00fcndung verstehen)"},"content":{"rendered":"<div class=\"members-access-error\">Sorry, but you do not have permission to view this content.<\/div>","protected":false},"excerpt":{"rendered":"<div class=\"members-access-error\">Sorry, but you do not have permission to view this content.<\/div>","protected":false},"featured_media":0,"template":"","meta":{"_et_pb_use_builder":"","_et_pb_old_content":"","_et_gb_content_width":""},"product_brand":[],"product_cat":[85],"product_tag":[],"class_list":{"0":"post-578","1":"product","2":"type-product","3":"status-publish","5":"product_cat-administrator-only","7":"first","8":"outofstock","9":"taxable","10":"shipping-taxable","11":"purchasable","12":"product-type-simple"},"_links":{"self":[{"href":"https:\/\/ser-en-ti.com\/es\/wp-json\/wp\/v2\/product\/578","targetHints":{"allow":["GET"]}}],"collection":[{"href":"https:\/\/ser-en-ti.com\/es\/wp-json\/wp\/v2\/product"}],"about":[{"href":"https:\/\/ser-en-ti.com\/es\/wp-json\/wp\/v2\/types\/product"}],"wp:attachment":[{"href":"https:\/\/ser-en-ti.com\/es\/wp-json\/wp\/v2\/media?parent=578"}],"wp:term":[{"taxonomy":"product_brand","embeddable":true,"href":"https:\/\/ser-en-ti.com\/es\/wp-json\/wp\/v2\/product_brand?post=578"},{"taxonomy":"product_cat","embeddable":true,"href":"https:\/\/ser-en-ti.com\/es\/wp-json\/wp\/v2\/product_cat?post=578"},{"taxonomy":"product_tag","embeddable":true,"href":"https:\/\/ser-en-ti.com\/es\/wp-json\/wp\/v2\/product_tag?post=578"}],"curies":[{"name":"wp","href":"https:\/\/api.w.org\/{rel}","templated":true}]}}