{"id":137,"date":"2024-12-15T15:44:54","date_gmt":"2024-12-15T15:44:54","guid":{"rendered":"https:\/\/ser-en-ti.com\/bezahlmoeglichkeiten\/"},"modified":"2024-12-17T17:10:04","modified_gmt":"2024-12-17T17:10:04","slug":"bezahlmoeglichkeiten","status":"publish","type":"page","link":"https:\/\/ser-en-ti.com\/es\/bezahlmoeglichkeiten\/","title":{"rendered":"Zahlungsarten und Versandt"},"content":{"rendered":"<p>[et_pb_section fb_built=&#8220;1&#8243; _builder_version=&#8220;4.27.4&#8243; _module_preset=&#8220;default&#8220; locked=&#8220;off&#8220;][et_pb_row _builder_version=&#8220;4.27.4&#8243; _module_preset=&#8220;default&#8220; theme_builder_area=&#8220;post_content&#8220;][et_pb_column _builder_version=&#8220;4.27.4&#8243; _module_preset=&#8220;default&#8220; type=&#8220;4_4&#8243; theme_builder_area=&#8220;post_content&#8220;][et_pb_heading title=&#8220;Zahlung und Versandt&#8220; _builder_version=&#8220;4.27.4&#8243; _module_preset=&#8220;default&#8220; theme_builder_area=&#8220;post_content&#8220; hover_enabled=&#8220;0&#8243; sticky_enabled=&#8220;0&#8243; title_font=&#8220;|700|||||||&#8220; title_text_color=&#8220;#016783&#8243;][\/et_pb_heading][\/et_pb_column][\/et_pb_row][et_pb_row _builder_version=&#8220;4.27.4&#8243; _module_preset=&#8220;default&#8220; theme_builder_area=&#8220;post_content&#8220;][et_pb_column _builder_version=&#8220;4.27.4&#8243; _module_preset=&#8220;default&#8220; type=&#8220;4_4&#8243; theme_builder_area=&#8220;post_content&#8220;][et_pb_text _builder_version=&#8220;4.27.4&#8243; _module_preset=&#8220;default&#8220; theme_builder_area=&#8220;post_content&#8220; hover_enabled=&#8220;0&#8243; sticky_enabled=&#8220;0&#8243; text_font_size=&#8220;20px&#8220; text_text_color=&#8220;#000000&#8243;]<\/p>\n<p><span>Es gelten folgende Bedingungen:<\/span><\/p>\n<p>[\/et_pb_text][et_pb_text _builder_version=&#8220;4.27.4&#8243; _module_preset=&#8220;default&#8220; theme_builder_area=&#8220;post_content&#8220; hover_enabled=&#8220;0&#8243; sticky_enabled=&#8220;0&#8243; header_3_text_color=&#8220;#016783&#8243;]<\/p>\n<h3><strong>Versandbedingungen<\/strong><\/h3>\n<p>[\/et_pb_text][et_pb_text _builder_version=&#8220;4.27.4&#8243; _module_preset=&#8220;default&#8220; theme_builder_area=&#8220;post_content&#8220; hover_enabled=&#8220;0&#8243; sticky_enabled=&#8220;0&#8243; text_font_size=&#8220;20px&#8220; text_text_color=&#8220;#000000&#8243;]<\/p>\n<p>Die Lieferung erfolgt im Inland (Deutschland) und in die nachstehenden L\u00e4nder:<\/p>\n<ul>\n<li>Lettland<\/li>\n<li>Luxemburg<\/li>\n<li>Litauen<\/li>\n<li>Italien<\/li>\n<li>Niederlande<\/li>\n<li>Polen<\/li>\n<li>Slowakei<\/li>\n<li>Slowenien<\/li>\n<li>Portugal<\/li>\n<li>Ungarn<\/li>\n<li>Frankreich<\/li>\n<li>Tschechische Republik<\/li>\n<li>Schweiz<\/li>\n<li>Belgien<\/li>\n<li>Deutschland<\/li>\n<li>D\u00e4nemark<\/li>\n<li>Finnland<\/li>\n<li>Spanien<\/li>\n<li>Estland<\/li>\n<li>\u00d6sterreich<\/li>\n<\/ul>\n<p>&nbsp;<\/p>\n<p>Versandkosten (inklusive gesetzliche Mehrwertsteuer)<\/p>\n<p>Der Versand erfolgt in der Regel per DHL und Deutsche Post. Die KomplettSorglos UG (Haftungsbeschr\u00e4nkt<strong>)<\/strong> beh\u00e4lt sich aber das Recht vor, die Auslieferung auch mit anderen Anbietern durchzuf\u00fchren oder in Einzelf\u00e4llen ggf. auch selbst die Auslieferung durchzuf\u00fchren.<\/p>\n<p>Wir k\u00f6nnen nicht alle Pakete online verfolgen. Bei Versand mit DHL schicken wir Ihnen dazu die Sendungsnummer zu. Fragen hierzu beantworten wir gerne per E-Mail komplettsorglos@gmail.com oder telefonisch unter 015734491437 und 07071-9150927<\/p>\n<p>[\/et_pb_text][\/et_pb_column][\/et_pb_row][et_pb_row _builder_version=&#8220;4.27.4&#8243; _module_preset=&#8220;default&#8220; theme_builder_area=&#8220;post_content&#8220;][et_pb_column _builder_version=&#8220;4.27.4&#8243; _module_preset=&#8220;default&#8220; type=&#8220;4_4&#8243; theme_builder_area=&#8220;post_content&#8220;][et_pb_text _builder_version=&#8220;4.27.4&#8243; _module_preset=&#8220;default&#8220; theme_builder_area=&#8220;post_content&#8220; hover_enabled=&#8220;0&#8243; sticky_enabled=&#8220;0&#8243; header_3_text_color=&#8220;#016783&#8243;]<\/p>\n<h3><strong>Lieferungen im Inland (Deutschland):<\/strong><\/h3>\n<p>[\/et_pb_text][et_pb_text _builder_version=&#8220;4.27.4&#8243; _module_preset=&#8220;default&#8220; theme_builder_area=&#8220;post_content&#8220; hover_enabled=&#8220;0&#8243; sticky_enabled=&#8220;0&#8243; text_font_size=&#8220;20px&#8220; text_text_color=&#8220;#000000&#8243;]<\/p>\n<p>Wir berechnen die Versandkosten pauschal mit 4,50 \u20ac pro Bestellung.<\/p>\n<p>Ab einem Bestellwert von 40,00 \u20ac liefern wir versandkostenfrei.<\/p>\n<p>[\/et_pb_text][\/et_pb_column][\/et_pb_row][et_pb_row _builder_version=&#8220;4.27.4&#8243; _module_preset=&#8220;default&#8220; theme_builder_area=&#8220;post_content&#8220;][et_pb_column _builder_version=&#8220;4.27.4&#8243; _module_preset=&#8220;default&#8220; type=&#8220;4_4&#8243; theme_builder_area=&#8220;post_content&#8220;][et_pb_text _builder_version=&#8220;4.27.4&#8243; _module_preset=&#8220;default&#8220; theme_builder_area=&#8220;post_content&#8220; hover_enabled=&#8220;0&#8243; sticky_enabled=&#8220;0&#8243; header_3_text_color=&#8220;#016783&#8243;]<\/p>\n<h3><strong>Lieferungen ins Ausland:<\/strong><\/h3>\n<p>[\/et_pb_text][et_pb_text _builder_version=&#8220;4.27.4&#8243; _module_preset=&#8220;default&#8220; theme_builder_area=&#8220;post_content&#8220; hover_enabled=&#8220;0&#8243; sticky_enabled=&#8220;0&#8243; text_font_size=&#8220;20px&#8220; text_text_color=&#8220;#000000&#8243;]<\/p>\n<p>Wir berechnen die Versandkosten ins Ausland nach Versandgewicht:<\/p>\n<p><strong>EU und andere: <\/strong>12<span>,75 \u20ac<\/span><\/p>\n<p><strong>\u00d6sterreich:<\/strong> 9,90 \u20ac<span><\/span><\/p>\n<p><strong>Schweiz:<\/strong> 17,00 \u20ac<\/p>\n<p><strong>Finnland:<\/strong> 12,90 \u20ac<\/p>\n<p>[\/et_pb_text][\/et_pb_column][\/et_pb_row][et_pb_row _builder_version=&#8220;4.27.4&#8243; _module_preset=&#8220;default&#8220; theme_builder_area=&#8220;post_content&#8220;][et_pb_column _builder_version=&#8220;4.27.4&#8243; _module_preset=&#8220;default&#8220; type=&#8220;4_4&#8243; theme_builder_area=&#8220;post_content&#8220;][et_pb_text _builder_version=&#8220;4.27.4&#8243; _module_preset=&#8220;default&#8220; theme_builder_area=&#8220;post_content&#8220; hover_enabled=&#8220;0&#8243; sticky_enabled=&#8220;0&#8243; header_3_text_color=&#8220;#016783&#8243;]<\/p>\n<h3><strong>Akzeptierte Zahlungsm\u00f6glichkeiten<\/strong><\/h3>\n<p>[\/et_pb_text][et_pb_text _builder_version=&#8220;4.27.4&#8243; _module_preset=&#8220;default&#8220; theme_builder_area=&#8220;post_content&#8220; hover_enabled=&#8220;0&#8243; sticky_enabled=&#8220;0&#8243; text_font_size=&#8220;20px&#8220; text_text_color=&#8220;#000000&#8243;]<\/p>\n<p>\u2013 Vorkasse per \u00dcberweisung<\/p>\n<p>\u2013 Zahlung per PayPal<\/p>\n<p>[\/et_pb_text][\/et_pb_column][\/et_pb_row][et_pb_row _builder_version=&#8220;4.27.4&#8243; _module_preset=&#8220;default&#8220; theme_builder_area=&#8220;post_content&#8220;][et_pb_column _builder_version=&#8220;4.27.4&#8243; _module_preset=&#8220;default&#8220; type=&#8220;4_4&#8243; theme_builder_area=&#8220;post_content&#8220;][et_pb_text _builder_version=&#8220;4.27.4&#8243; _module_preset=&#8220;default&#8220; theme_builder_area=&#8220;post_content&#8220; hover_enabled=&#8220;0&#8243; sticky_enabled=&#8220;0&#8243; header_3_text_color=&#8220;#016783&#8243;]<\/p>\n<h3><strong>Unsere Bankverbindung:<\/strong><\/h3>\n<p>[\/et_pb_text][et_pb_text _builder_version=&#8220;4.27.4&#8243; _module_preset=&#8220;default&#8220; theme_builder_area=&#8220;post_content&#8220; hover_enabled=&#8220;0&#8243; sticky_enabled=&#8220;0&#8243; text_font_size=&#8220;20px&#8220; text_text_color=&#8220;#000000&#8243;]<\/p>\n<p>Kreissparkasse T\u00fcbingen<\/p>\n<p>IBAN: DE46 6415 0020 0004 8235 13<\/p>\n<p>BIC: SOLADES1TUB<\/p>\n<p>[\/et_pb_text][\/et_pb_column][\/et_pb_row][\/et_pb_section]<\/p>\n","protected":false},"excerpt":{"rendered":"<p>Es gelten folgende Bedingungen:VersandbedingungenDie Lieferung erfolgt im Inland (Deutschland) und in die nachstehenden L\u00e4nder: Lettland Luxemburg Litauen Italien Niederlande Polen Slowakei Slowenien Portugal Ungarn Frankreich Tschechische Republik Schweiz Belgien Deutschland D\u00e4nemark Finnland Spanien Estland \u00d6sterreich &nbsp; Versandkosten (inklusive gesetzliche Mehrwertsteuer) Der Versand erfolgt in der Regel per DHL und Deutsche Post. Die KomplettSorglos UG (Haftungsbeschr\u00e4nkt) [&hellip;]<\/p>\n","protected":false},"author":1,"featured_media":0,"parent":0,"menu_order":0,"comment_status":"closed","ping_status":"closed","template":"","meta":{"_et_pb_use_builder":"on","_et_pb_old_content":"\n[payment_methods_info]","_et_gb_content_width":"","footnotes":""},"class_list":["post-137","page","type-page","status-publish","hentry"],"_links":{"self":[{"href":"https:\/\/ser-en-ti.com\/es\/wp-json\/wp\/v2\/pages\/137","targetHints":{"allow":["GET"]}}],"collection":[{"href":"https:\/\/ser-en-ti.com\/es\/wp-json\/wp\/v2\/pages"}],"about":[{"href":"https:\/\/ser-en-ti.com\/es\/wp-json\/wp\/v2\/types\/page"}],"author":[{"embeddable":true,"href":"https:\/\/ser-en-ti.com\/es\/wp-json\/wp\/v2\/users\/1"}],"replies":[{"embeddable":true,"href":"https:\/\/ser-en-ti.com\/es\/wp-json\/wp\/v2\/comments?post=137"}],"version-history":[{"count":6,"href":"https:\/\/ser-en-ti.com\/es\/wp-json\/wp\/v2\/pages\/137\/revisions"}],"predecessor-version":[{"id":254,"href":"https:\/\/ser-en-ti.com\/es\/wp-json\/wp\/v2\/pages\/137\/revisions\/254"}],"wp:attachment":[{"href":"https:\/\/ser-en-ti.com\/es\/wp-json\/wp\/v2\/media?parent=137"}],"curies":[{"name":"wp","href":"https:\/\/api.w.org\/{rel}","templated":true}]}}